{"id":1059,"date":"2025-05-29T12:22:14","date_gmt":"2025-05-29T12:22:14","guid":{"rendered":"https:\/\/arts.unilag.edu.ng\/?page_id=1059"},"modified":"2025-05-29T12:23:59","modified_gmt":"2025-05-29T12:23:59","slug":"dr-gerald-heusing","status":"publish","type":"page","link":"https:\/\/arts.unilag.edu.ng\/index.php\/dr-gerald-heusing\/","title":{"rendered":"DR.\u00a0 \u00a0Gerald Heusing"},"content":{"rendered":"\t\t<div data-elementor-type=\"wp-page\" data-elementor-id=\"1059\" class=\"elementor elementor-1059\" data-elementor-post-type=\"page\">\n\t\t\t\t<div class=\"elementor-element elementor-element-f71b42a e-flex e-con-boxed wpr-particle-no wpr-jarallax-no wpr-parallax-no wpr-sticky-section-no e-con e-parent\" data-id=\"f71b42a\" data-element_type=\"container\">\n\t\t\t\t\t<div class=\"e-con-inner\">\n\t\t\t\t<div class=\"elementor-element elementor-element-c761d64 elementor-widget elementor-widget-image\" data-id=\"c761d64\" data-element_type=\"widget\" data-widget_type=\"image.default\">\n\t\t\t\t<div class=\"elementor-widget-container\">\n\t\t\t\t\t\t\t\t\t\t\t\t\t\t\t<img fetchpriority=\"high\" decoding=\"async\" width=\"374\" height=\"374\" src=\"https:\/\/arts.unilag.edu.ng\/wp-content\/uploads\/2025\/05\/gerald.jpg\" class=\"attachment-large size-large wp-image-1055\" alt=\"\" srcset=\"https:\/\/arts.unilag.edu.ng\/wp-content\/uploads\/2025\/05\/gerald.jpg 374w, https:\/\/arts.unilag.edu.ng\/wp-content\/uploads\/2025\/05\/gerald-300x300.jpg 300w, https:\/\/arts.unilag.edu.ng\/wp-content\/uploads\/2025\/05\/gerald-150x150.jpg 150w\" sizes=\"(max-width: 374px) 100vw, 374px\" \/>\t\t\t\t\t\t\t\t\t\t\t\t\t\t\t<\/div>\n\t\t\t\t<\/div>\n\t\t\t\t\t<\/div>\n\t\t\t\t<\/div>\n\t\t<div class=\"elementor-element elementor-element-62aa2c1 e-flex e-con-boxed wpr-particle-no wpr-jarallax-no wpr-parallax-no wpr-sticky-section-no e-con e-parent\" data-id=\"62aa2c1\" data-element_type=\"container\">\n\t\t\t\t\t<div class=\"e-con-inner\">\n\t\t\t\t<div class=\"elementor-element elementor-element-88cddef elementor-widget elementor-widget-text-editor\" data-id=\"88cddef\" data-element_type=\"widget\" data-widget_type=\"text-editor.default\">\n\t\t\t\t<div class=\"elementor-widget-container\">\n\t\t\t\t\t\t\t\t\t<p>TITLE: Privatdozent Dr. phil. habil.<\/p><p>NAME: Gerald Heusing<\/p><p>POSITION: Associate Professor and DAAD-Lecturer<\/p><p>SPECIALISATION: African and German Linguistics<\/p><p>EDUCATION:<\/p><table><tbody><tr><td width=\"151\"><p>Institution &amp; Location<\/p><\/td><td width=\"151\"><p>Degree<\/p><\/td><td width=\"151\"><p>Completion Date<\/p><\/td><td width=\"151\"><p>Field of Study<\/p><\/td><\/tr><tr><td width=\"151\"><p>University of Hamburg, Germany<\/p><\/td><td width=\"151\"><p>M.A.<\/p><\/td><td width=\"151\"><p>05\/1992<\/p><\/td><td width=\"151\"><p>African Linguistics<\/p><\/td><\/tr><tr><td width=\"151\"><p>University of Hamburg, Germany<\/p><\/td><td width=\"151\"><p>Dr. phil.<\/p><\/td><td width=\"151\"><p>04\/1997<\/p><\/td><td width=\"151\"><p>African Linguistics<\/p><\/td><\/tr><tr><td width=\"151\"><p>University of Leipzig, Germany<\/p><\/td><td width=\"151\"><p>Dr. habil.<\/p><\/td><td width=\"151\"><p>01\/2003<\/p><\/td><td width=\"151\"><p>African Linguistics<\/p><\/td><\/tr><\/tbody><\/table><p>\u00a0<\/p><p>\u00a0PERSONAL STATEMENT:<\/p><p>As a dedicated linguist, my academic journey has been driven by a deep curiosity for the cultural and linguistic diversity of the African continent. My research and teaching experiences across Germany, Uganda, Ethiopia, and Nigeria have strengthened my commitment to understanding and preserving African languages, while fostering cross-cultural dialogue by teaching German Studies across different sub-Saharan African countries. Besides research and teaching, I am a specialist of higher education management, especially regarding tertiary education in sub-Saharan Africa and relations between higher education institutions in sub-Saharan Africa and Germany. As such I worked as DAAD (German Academic Exchange Service) Resident Representative in Uganda (as well as in Nigeria now), Director of the DAAD Information Centre in Ethiopia and Senior Consultant at the DAAD head office in Bonn\/Germany. I have also worked as an international election observer for the Federal Foreign Office of Germany and as Senior Expert for the International Criminal Court in The Hague.<\/p><p>\u00a0<\/p><p>\u00a0POSITIONS, SCIENTIFC APPPINTMENTS, AND HONOURS:<\/p><p>1988-1990<\/p><p>Student Assistant (\u00bbStudentische Hilfskraft\u00ab)<\/p><p>Department of African Studies<\/p><p>University of Hamburg<\/p><p>\u00a0<\/p><p>01.05.1992 31.07.1995<\/p><p>Assistant Lecturer (\u00bbLehrbeauftragter\u00ab) and \u00a0\u00a0\u00a0\u00a0\u00a0\u00a0 Academic Tutor (\u00bbAkademischer Tutor\u00ab)<\/p><p>Department of African Studies<\/p><p>University of Hamburg<\/p><p>\u00a0<\/p><p>01.05.1992 31.01.1993<\/p><p>Lecturer (\u00bbWissenschaftlicher Mitarbeiter\u00ab)<\/p><p>Department of African Studies<\/p><p>University of Hamburg<\/p><p>\u00a0<\/p><p>18.10.1993 31.07.1995<\/p><p>Lecturer (\u00bbWissenschaftlicher Mitarbeiter\u00ab)<\/p><p>Department of African Studies<\/p><p>University of Hamburg<\/p><p>\u00a0<\/p><p>01.08.1995 30.04.1997<\/p><p>Lecturer (\u00bbWissenschaftlicher Mitarbeiter\u00ab)<\/p><p>Department of African Studies<\/p><p>University of Leipzig<\/p><p>\u00a0\u00a0\u00a0\u00a0\u00a0\u00a0\u00a0\u00a0\u00a0\u00a0\u00a0\u00a0\u00a0<\/p><p>01.05.1997 30.04.2003<\/p><p>Assistant Professor (\u00bbWissenschaftlicher Assistent\u00ab)<\/p><p>Department of African Studies<\/p><p>University of Leipzig<\/p><p>\u00a0<\/p><p>01.10.1997 20.12.1997<\/p><p>Visiting Lecturer<\/p><p>Institute of Languages (Subject of African Linguistics)<\/p><p>Makerere University Kampala (Uganda)<\/p><p>\u00a0<\/p><p>01.05.2003- 30.11.2006<\/p><p>Associate Professor (\u00bbWissenschaftlicher Oberassistent\u00ab)<\/p><p>Department of African Studies<\/p><p>University of Leipzig<\/p><p>\u00a0<\/p><p>01.12.2006-30.06.2011<\/p><p>Senior Lecturer<\/p><p>Institute of Languages (Subject of German)<\/p><p>Makerere University Kampala (Uganda)<\/p><p>\u00a0<\/p><p>01.12.2006-30.06.2011<\/p><p>Resident Representative of the German Academic<\/p><p>Exchange Service (DAAD)<\/p><p>Kampala (Uganda)<\/p><p>\u00a0\u00a0\u00a0\u00a0\u00a0\u00a0\u00a0\u00a0\u00a0\u00a0\u00a0\u00a0\u00a0<\/p><p>01.07.2011- 30.04.2013<\/p><p>Project Manager \u201cEthiopian University Reform\u201d<\/p><p>German Academic Exchange Service (DAAD)<\/p><p>Bonn<\/p><p>\u00a0<\/p><p>01.05.2013 &#8211; 31.07.2019<\/p><p>Director of the DAAD Information Centre<\/p><p>Addis Ababa (Ethiopia)<\/p><p>\u00a0<\/p><p>01.05.2013 &#8211; 31.07.2019<\/p><p>Associate Professor<\/p><p>Department of Linguistics and Philology (African<\/p><p>Linguistics)<\/p><p>Addis Ababa University (Ethiopia)<\/p><p>\u00a0<\/p><p>01.08.2019 &#8211; 30.11.2019<\/p><p>Expert<\/p><p>Department of Knowledge Exchange and Network<\/p><p>German Academic Exchange Service (DAAD)<\/p><p>Bonn<\/p><p>\u00a0<\/p><p>since 01.12.2019<\/p><p>Associate Professor<\/p><p>Department of European Languages and Integration<\/p><p>Studies (German and Integration Studies)<\/p><p>University of Lagos (Nigeria)<\/p><p>\u00a0<\/p><p>since 01.12.2019<\/p><p>Resident Representative of the German Academic<\/p><p>Exchange Service (DAAD)<\/p><p>Lagos (Nigeria)<\/p><p>\u00a0<\/p><p>\u00a0SELECTED MOST RECENT PUBLICATIONS\/CONTRIBUTIONS TO KNOWLEDGE:<\/p><p>\u00a0<\/p><ol start=\"1999\"><li>Aspects of the Morphology Syntax Interface in Four Nigerian Languages: A Cross Linguistic Study of Fulfulde, Igbo, Lamang, and Mupun. Hamburg: Lit.<\/li><li>Die s\u00fcdlichen Lwoo-Sprachen: Beschreibung, Vergleich und Rekonstruktion. (NILO SAHARAN Series, Vol. 19.) K\u00f6ln: K\u00f6ppe.<\/li><li>\u00bbEine Sprache namens Gartenabfall: \u00dcber Sondersprachen in Afrika\u00ab. In: Streck, Bernhard (ed.), Die gezeigte und die verborgene Kultur, 39-52. Wiesbaden: Harrassowitz.<\/li><li>Anteneh, G. and Heusing, G. Case Morphology in Majang. In: The Ethiopian Journal of Social Sciences and Language Studies (EJSSLS) Vol. 4 No. 2: 3-25.<\/li><li>\u00bbEmpaako, the Magic Word: A Special Form of Address Used in Western Uganda\u00ab. In: Multilingual Margins: A Journal of Multilingualism from the Periphery, 9 (1): 50-60.<\/li><\/ol><p>\u00a0<\/p><p>COLLABORATORS\/NETWORKS<\/p><p>\u00a0<\/p><ol><li>Prof. Ekkehard Wolff, University of Leipzig, Germany<\/li><li>Prof. Rainer Vossen, Goethe-University Frankfurt, Germany<\/li><\/ol><ul><li>Prof. Manuel Muranga, Kabale University, Uganda<\/li><\/ul><ol><li>Prof. Zelealem Leyew, Addis Ababa University, Ethiopia<\/li><li>Prof. Victor Dugga, University of Lafia, Nigeria<\/li><\/ol><p>\u00a0<\/p><p>\u00a0<\/p><p>\u00a0<\/p>\t\t\t\t\t\t\t\t<\/div>\n\t\t\t\t<\/div>\n\t\t\t\t\t<\/div>\n\t\t\t\t<\/div>\n\t\t\t\t<\/div>\n\t\t","protected":false},"excerpt":{"rendered":"<p>TITLE: Privatdozent Dr. phil. habil. NAME: Gerald Heusing POSITION: Associate Professor and DAAD-Lecturer SPECIALISATION: African and German Linguistics EDUCATION: Institution &amp; Location Degree Completion Date Field of Study University of Hamburg, Germany M.A. 05\/1992 African Linguistics University of Hamburg, Germany Dr. phil. 04\/1997 African Linguistics University of Leipzig, Germany Dr. habil. 01\/2003 African Linguistics \u00a0 \u00a0PERSONAL STATEMENT: As a dedicated linguist, my academic journey has been driven by a deep curiosity for the cultural and linguistic diversity of the African continent. My research and teaching experiences across Germany, Uganda, Ethiopia, and Nigeria have strengthened my commitment to understanding and preserving African languages, while fostering cross-cultural dialogue by teaching German Studies across different sub-Saharan African countries. Besides research and teaching, I am a specialist of higher education management, especially regarding tertiary education in sub-Saharan Africa and relations between higher education institutions in sub-Saharan Africa and Germany. As such I worked as DAAD (German Academic Exchange Service) Resident Representative in Uganda (as well as in Nigeria now), Director of the DAAD Information Centre in Ethiopia and Senior Consultant at the DAAD head office in Bonn\/Germany. I have also worked as an international election observer for the Federal Foreign Office of Germany and as Senior Expert for the International Criminal Court in The Hague. \u00a0 \u00a0POSITIONS, SCIENTIFC APPPINTMENTS, AND HONOURS: 1988-1990 Student Assistant (\u00bbStudentische Hilfskraft\u00ab) Department of African Studies University of Hamburg \u00a0 01.05.1992 31.07.1995 Assistant Lecturer (\u00bbLehrbeauftragter\u00ab) and \u00a0\u00a0\u00a0\u00a0\u00a0\u00a0 Academic Tutor (\u00bbAkademischer Tutor\u00ab) Department of African Studies University of Hamburg \u00a0 01.05.1992 31.01.1993 Lecturer (\u00bbWissenschaftlicher Mitarbeiter\u00ab) Department of African Studies University of Hamburg \u00a0 18.10.1993 31.07.1995 Lecturer (\u00bbWissenschaftlicher Mitarbeiter\u00ab) Department of African Studies University of Hamburg \u00a0 01.08.1995 30.04.1997 Lecturer (\u00bbWissenschaftlicher Mitarbeiter\u00ab) Department of African Studies University of Leipzig \u00a0\u00a0\u00a0\u00a0\u00a0\u00a0\u00a0\u00a0\u00a0\u00a0\u00a0\u00a0\u00a0 01.05.1997 30.04.2003 Assistant Professor (\u00bbWissenschaftlicher Assistent\u00ab) Department of African Studies University of Leipzig \u00a0 01.10.1997 20.12.1997 Visiting Lecturer Institute of Languages (Subject of African Linguistics) Makerere University Kampala (Uganda) \u00a0 01.05.2003- 30.11.2006 Associate Professor (\u00bbWissenschaftlicher Oberassistent\u00ab) Department of African Studies University of Leipzig \u00a0 01.12.2006-30.06.2011 Senior Lecturer Institute of Languages (Subject of German) Makerere University Kampala (Uganda) \u00a0 01.12.2006-30.06.2011 Resident Representative of the German Academic Exchange Service (DAAD) Kampala (Uganda) \u00a0\u00a0\u00a0\u00a0\u00a0\u00a0\u00a0\u00a0\u00a0\u00a0\u00a0\u00a0\u00a0 01.07.2011- 30.04.2013 Project Manager \u201cEthiopian University Reform\u201d German Academic Exchange Service (DAAD) Bonn \u00a0 01.05.2013 &#8211; 31.07.2019 Director of the DAAD Information Centre Addis Ababa (Ethiopia) \u00a0 01.05.2013 &#8211; 31.07.2019 Associate Professor Department of Linguistics and Philology (African Linguistics) Addis Ababa University (Ethiopia) \u00a0 01.08.2019 &#8211; 30.11.2019 Expert Department of Knowledge Exchange and Network German Academic Exchange Service (DAAD) Bonn \u00a0 since 01.12.2019 Associate Professor Department of European Languages and Integration Studies (German and Integration Studies) University of Lagos (Nigeria) \u00a0 since 01.12.2019 Resident Representative of the German Academic Exchange Service (DAAD) Lagos (Nigeria) \u00a0 \u00a0SELECTED MOST RECENT PUBLICATIONS\/CONTRIBUTIONS TO KNOWLEDGE: \u00a0 Aspects of the Morphology Syntax Interface in Four Nigerian Languages: A Cross Linguistic Study of Fulfulde, Igbo, Lamang, and Mupun. Hamburg: Lit. Die s\u00fcdlichen Lwoo-Sprachen: Beschreibung, Vergleich und Rekonstruktion. (NILO SAHARAN Series, Vol. 19.) K\u00f6ln: K\u00f6ppe. \u00bbEine Sprache namens Gartenabfall: \u00dcber Sondersprachen in Afrika\u00ab. In: Streck, Bernhard (ed.), Die gezeigte und die verborgene Kultur, 39-52. Wiesbaden: Harrassowitz. Anteneh, G. and Heusing, G. Case Morphology in Majang. In: The Ethiopian Journal of Social Sciences and Language Studies (EJSSLS) Vol. 4 No. 2: 3-25. \u00bbEmpaako, the Magic Word: A Special Form of Address Used in Western Uganda\u00ab. In: Multilingual Margins: A Journal of Multilingualism from the Periphery, 9 (1): 50-60. \u00a0 COLLABORATORS\/NETWORKS \u00a0 Prof. Ekkehard Wolff, University of Leipzig, Germany Prof. Rainer Vossen, Goethe-University Frankfurt, Germany Prof. Manuel Muranga, Kabale University, Uganda Prof. Zelealem Leyew, Addis Ababa University, Ethiopia Prof. Victor Dugga, University of Lafia, Nigeria \u00a0 \u00a0 \u00a0<\/p>\n","protected":false},"author":9,"featured_media":0,"parent":0,"menu_order":0,"comment_status":"closed","ping_status":"closed","template":"","meta":{"footnotes":""},"class_list":["post-1059","page","type-page","status-publish","hentry"],"_links":{"self":[{"href":"https:\/\/arts.unilag.edu.ng\/index.php\/wp-json\/wp\/v2\/pages\/1059","targetHints":{"allow":["GET"]}}],"collection":[{"href":"https:\/\/arts.unilag.edu.ng\/index.php\/wp-json\/wp\/v2\/pages"}],"about":[{"href":"https:\/\/arts.unilag.edu.ng\/index.php\/wp-json\/wp\/v2\/types\/page"}],"author":[{"embeddable":true,"href":"https:\/\/arts.unilag.edu.ng\/index.php\/wp-json\/wp\/v2\/users\/9"}],"replies":[{"embeddable":true,"href":"https:\/\/arts.unilag.edu.ng\/index.php\/wp-json\/wp\/v2\/comments?post=1059"}],"version-history":[{"count":4,"href":"https:\/\/arts.unilag.edu.ng\/index.php\/wp-json\/wp\/v2\/pages\/1059\/revisions"}],"predecessor-version":[{"id":1070,"href":"https:\/\/arts.unilag.edu.ng\/index.php\/wp-json\/wp\/v2\/pages\/1059\/revisions\/1070"}],"wp:attachment":[{"href":"https:\/\/arts.unilag.edu.ng\/index.php\/wp-json\/wp\/v2\/media?parent=1059"}],"curies":[{"name":"wp","href":"https:\/\/api.w.org\/{rel}","templated":true}]}}