{"id":1078,"date":"2025-05-29T12:27:33","date_gmt":"2025-05-29T12:27:33","guid":{"rendered":"https:\/\/arts.unilag.edu.ng\/?page_id=1078"},"modified":"2025-06-02T12:01:10","modified_gmt":"2025-06-02T12:01:10","slug":"dr-adegoke-k-a","status":"publish","type":"page","link":"https:\/\/arts.unilag.edu.ng\/index.php\/dr-adegoke-k-a\/","title":{"rendered":"Dr. ADEGOKE K.A."},"content":{"rendered":"\t\t<div data-elementor-type=\"wp-page\" data-elementor-id=\"1078\" class=\"elementor elementor-1078\" data-elementor-post-type=\"page\">\n\t\t\t\t<div class=\"elementor-element elementor-element-025ad77 e-flex e-con-boxed wpr-particle-no wpr-jarallax-no wpr-parallax-no wpr-sticky-section-no e-con e-parent\" data-id=\"025ad77\" data-element_type=\"container\">\n\t\t\t\t\t<div class=\"e-con-inner\">\n\t\t\t\t<div class=\"elementor-element elementor-element-5dd774c elementor-widget elementor-widget-image\" data-id=\"5dd774c\" data-element_type=\"widget\" data-widget_type=\"image.default\">\n\t\t\t\t<div class=\"elementor-widget-container\">\n\t\t\t\t\t\t\t\t\t\t\t\t\t\t\t<img fetchpriority=\"high\" decoding=\"async\" width=\"246\" height=\"300\" src=\"https:\/\/arts.unilag.edu.ng\/wp-content\/uploads\/2025\/05\/goke-246x300.jpg\" class=\"attachment-medium size-medium wp-image-1083\" alt=\"\" srcset=\"https:\/\/arts.unilag.edu.ng\/wp-content\/uploads\/2025\/05\/goke-246x300.jpg 246w, https:\/\/arts.unilag.edu.ng\/wp-content\/uploads\/2025\/05\/goke.jpg 452w\" sizes=\"(max-width: 246px) 100vw, 246px\" \/>\t\t\t\t\t\t\t\t\t\t\t\t\t\t\t<\/div>\n\t\t\t\t<\/div>\n\t\t\t\t\t<\/div>\n\t\t\t\t<\/div>\n\t\t<div class=\"elementor-element elementor-element-a2a40d2 e-flex e-con-boxed wpr-particle-no wpr-jarallax-no wpr-parallax-no wpr-sticky-section-no e-con e-parent\" data-id=\"a2a40d2\" data-element_type=\"container\">\n\t\t\t\t\t<div class=\"e-con-inner\">\n\t\t\t\t<div class=\"elementor-element elementor-element-419f2f8 elementor-widget elementor-widget-text-editor\" data-id=\"419f2f8\" data-element_type=\"widget\" data-widget_type=\"text-editor.default\">\n\t\t\t\t<div class=\"elementor-widget-container\">\n\t\t\t\t\t\t\t\t\t<table><tbody><tr><td colspan=\"4\" width=\"638\"><p><span style=\"color: #000000;\"><strong>TITLE: <\/strong>Dr<strong>. <\/strong><\/span><\/p><\/td><\/tr><tr><td colspan=\"4\" width=\"638\"><p><span style=\"color: #000000;\"><strong>NAME: <\/strong>Kazeem Adekunle ADEGOKE<\/span><\/p><\/td><\/tr><tr><td colspan=\"4\" width=\"638\"><p><span style=\"color: #000000;\"><strong>POSITION: <\/strong>Associate Professor<\/span><\/p><\/td><\/tr><tr><td colspan=\"4\" width=\"638\"><p><span style=\"color: #000000;\"><strong>EDUCATION\/TRAINING<\/strong><\/span><\/p><\/td><\/tr><tr><td width=\"319\"><p><span style=\"color: #000000;\"><strong>INSTITUTION<\/strong> <strong>AND LOCATION<\/strong><\/span><\/p><\/td><td width=\"95\"><p><span style=\"color: #000000;\"><strong>DEGREE<\/strong><\/span><\/p><\/td><td width=\"113\"><p><span style=\"color: #000000;\"><strong>Completion Date<\/strong><\/span><\/p><\/td><td width=\"111\"><p><span style=\"color: #000000;\"><strong>FIELD OF STUDY<\/strong><\/span><\/p><\/td><\/tr><tr><td width=\"319\"><p><span style=\"color: #000000;\">University of\u00a0 Ibadan \u2013 Ibadan, Oyo State, Nigeria.<\/span><\/p><\/td><td width=\"95\"><p><span style=\"color: #000000;\">B.A (Hons)<\/span><\/p><\/td><td width=\"113\"><p><span style=\"color: #000000;\">02\/1998<\/span><\/p><\/td><td width=\"111\"><p><span style=\"color: #000000;\">Islamic Studies<\/span><\/p><\/td><\/tr><tr><td width=\"319\"><p><span style=\"color: #000000;\">University of\u00a0 Ibadan \u2013 Ibadan, Oyo State, Nigeria.<\/span><\/p><\/td><td width=\"95\"><p><span style=\"color: #000000;\">M.A<\/span><\/p><p>\u00a0<\/p><\/td><td width=\"113\"><p><span style=\"color: #000000;\">12\/2000<\/span><\/p><\/td><td width=\"111\"><p><span style=\"color: #000000;\">Islamic Studies<\/span><\/p><\/td><\/tr><tr><td width=\"319\"><p><span style=\"color: #000000;\">University of\u00a0 Ibadan \u2013 Ibadan, Oyo State, Nigeria.<\/span><\/p><\/td><td width=\"95\"><p><span style=\"color: #000000;\">PGDTE<\/span><\/p><\/td><td width=\"113\"><p><span style=\"color: #000000;\">07\/2003<\/span><\/p><\/td><td width=\"111\"><p><span style=\"color: #000000;\">PGD in Teacher Education<\/span><\/p><\/td><\/tr><tr><td width=\"319\"><p><span style=\"color: #000000;\">University of\u00a0 Ilorin \u2013 Ilorin, Oyo State, Nigeria.<\/span><\/p><\/td><td width=\"95\"><p><span style=\"color: #000000;\">Ph.D<\/span><\/p><\/td><td width=\"113\"><p><span style=\"color: #000000;\">07\/2006<\/span><\/p><\/td><td width=\"111\"><p><span style=\"color: #000000;\">Islamic Studies<\/span><\/p><\/td><\/tr><\/tbody><\/table><p><span style=\"color: #000000;\"><strong>Personal Data<\/strong><\/span><\/p><p><span style=\"color: #000000;\">I am a specialist and researcher of Islamic Studies with a passion in Islamic legal studies, Islamic Law (<em>Shar\u012b\u2018ah<\/em>) and Jurisprudence (<em>Fiqh<\/em>), with a bias on contemporary studies in Islamic legal theories and concepts of <em>Maq\u0101\u1e63id Ash-Shar\u2018iyyah<\/em> (aim and objectives of <em>Shar\u012b\u2018ah<\/em>). My work focuses on some legal theories and concepts in <em>Maq\u0101\u1e63id Ash-Shar\u2018iyyah<\/em> (aim and objectives of <em>Shar\u012b\u2018ah<\/em>) like <em>Sadd Adh-Dhar\u0101\u2019\u012b <\/em>(evil blockage legal mechanism)<em>,<\/em> <em>Ma\u1e63la\u1e25ah <\/em>(legal public interest)<em>, Isti\u1e25s\u0101n <\/em>(juristic preference)<em>, Isti\u1e63l\u0101\u1e25 <\/em>(legal public welfare) and<em> Istihsh\u0101b<\/em> (legal presumption). My ultimate goal is to translate and contextualize these Islamic legal theories and concepts into effective Islamic legal tools that will provide and preserve the three basic needs of man in the contemporary society such as <em>\u1e0car\u016br\u0101t <\/em>(Basic needs)<em>, Hajiy\u0101t <\/em>(Supplementary needs) and<em> Tahs\u012bniyy\u0101t <\/em>(Complimentary needs) in Islamic Law (<em>Shar\u012b\u2018ah<\/em>) so as to checkmate the criminal activities which can emanate from them if they are not well guided and controlled from Islamic legal system.<\/span><\/p><p><span style=\"color: #000000;\"><strong>Positions, Scientific Appointments, and Honours<\/strong><\/span><\/p><ul><li><span style=\"color: #000000;\">The Editor, Lagos Journal of Arabic and Islamic Studies (LAJAIS), Journal of NATAIS Lagos Chapter, 2023 &#8211; Present.<\/span><\/li><li><span style=\"color: #000000;\">The Business Editor, Journal of Religions and Contemporary Issues, a publication of the Department of Religious Studies, University of Lagos, 2022 &#8211; Present.<\/span><\/li><li><span style=\"color: #000000;\">National Treasurer, Nigeria Association of Teachers of Arabic and Islamic Studies (NATAIS) \u00a0\u00a0\u00a0\u00a0\u00a0\u00a0<\/span><\/li><li><span style=\"color: #000000;\">Departmental Representative, Faculty of Arts Appointment and Promotion Committee (Non-Professorial), 2020 &#8211; Present.<\/span><\/li><li><span style=\"color: #000000;\">Chairman, Faculty of Arts ICT Committee, \u00a02019 \u2013 Present.<\/span><\/li><li><span style=\"color: #000000;\">Head of Unit, Islamic Studies, Department of Religious Studies, 2018 &#8211; Present.<\/span><\/li><\/ul><p><strong style=\"color: #000000;\">Selected Most Recent Publications\/ Contributions to Knowledge (five (5) maximum<\/strong><\/p><ol><li><span style=\"color: #000000;\"><strong>Adegoke, K.A<\/strong> &amp; Oloke, M. A. (2025). \u201cRethinking <em>Shari\u2018ah<\/em> Legal Concept of <em>Sadd Adh-Dhara\u2019 <\/em>as a Right-Based Approach to curb the Menace of Banditry in Nigeria\u201d. <em>Lagos State Journal of Arabic and Islamic Studies. <\/em>(LAJAIS), A publication of <em>Journal of Nigeria Association of Teachers of Arabic and Islamic Studies <\/em>(NATAIS)<em>, <\/em>Lagos State Chapter, Vol. 1, No. 1, 28-40, ISSN: 2476-8145.<\/span><\/li><\/ol><ol><li><span style=\"color: #000000;\"><strong>Adegoke, K.A<\/strong> Ofuafo, P. U &amp; Salahudeen, M. A. (2024). \u201cCommon Themes in Biographical Sketch of Prophet Yusuf in Qur\u2019anic-Biblical Accounts\u201d In <em>Fontain International of Arabic and Islamic Studies (FIJAIS). <\/em>A publication of <em>Journal of Nigeria Association of Teachers of Arabic and Islamic Studies <\/em>(NATAIS)<em>, <\/em>Ekiti State Chapter, Vol. 3, No. 1, 86-98, ISSN: 2006-2850.<\/span><\/li><\/ol><ol start=\"3\"><li><span style=\"color: #000000;\">Busari, J. M &amp; <strong>Adegoke, K.A.<\/strong> (2023). \u201cNigerian Muslims and the Intrigues of the 1999 Constitution as Amended: An Examination of its Principles Within the Context of Islamic Law\u2019 in <em>Journal of Islamic Studies and Humanities<\/em>, Universitas Islam Negeri, Walinsongo Semarang, Indonesia, Vol. 8, No. 1, 52-76, ISSN 2527-8401.<\/span><\/li><li><span style=\"color: #000000;\"><strong>Adegoke, K.A. <\/strong>(2022). \u201cLegal Implications of <em>Shari\u2019 Man Qablan\u0101<\/em> in the Islamic Rulings\u201d in <em>International Journal of Fiqh and U\u1e63\u016bl Al-Fiqh <\/em>(IJFUS), a Journal of Department of Fiqh and Usul Al-Fiqh, International Islamic University Malaysia (IIUM), Kuala Lumpur, Malaysia Vol. 4 (1), 108-117. eISSN 2600-8408.<\/span><\/li><li><span style=\"color: #000000;\">Ogunjewo, B. O &amp; <strong>Adegoke, A.<\/strong> (2022). \u201cUnited in Social Service: Christianity and Islam in the University of Lagos\u201d in Akinyele R. T &amp; Adeboye O. A (eds), <em>University of Lagos: The 6<sup>th<\/sup> Decade<\/em>, Nigeria: Unilag Press &amp; Bookshop Ltd, 273-301, ISBN 978-978-56596-7-2.<\/span><\/li><\/ol><p><span style=\"color: #000000;\"><strong>\u00a0<\/strong><\/span><span style=\"color: #000000;\"><strong>Collaborations\/Networks (International Inclusive)\u00a0<\/strong><\/span><\/p><ol><li><span style=\"color: #000000;\">Bashir Abdul-Raheem, Department of Religious Studies, University of Lagos, Lagos, Nigeria.<\/span><\/li><li><span style=\"color: #000000;\">Henry B. Ogunjewo, Department of History and Strategic Studies, University of Lagos, Lagos, Nigeria.<\/span><\/li><li><span style=\"color: #000000;\">Irene I. Osemeka, Department of History and Strategic Studies, University of Lagos, Lagos, Nigeria.<\/span><\/li><li><span style=\"color: #000000;\">Murtada A. Salauddeen, Department of History and Religious Studies, Emmanuel Alayande University of Education, Oyo, Nigeria.<\/span><\/li><li><span style=\"color: #000000;\">Jamiu M. Busari, Department of Philosophy and Religious Studies, Osun State University, Ikire Campus, Nigeria.<\/span><\/li><\/ol>\t\t\t\t\t\t\t\t<\/div>\n\t\t\t\t<\/div>\n\t\t\t\t\t<\/div>\n\t\t\t\t<\/div>\n\t\t\t\t<\/div>\n\t\t","protected":false},"excerpt":{"rendered":"<p>TITLE: Dr. NAME: Kazeem Adekunle ADEGOKE POSITION: Associate Professor EDUCATION\/TRAINING INSTITUTION AND LOCATION DEGREE Completion Date FIELD OF STUDY University of\u00a0 Ibadan \u2013 Ibadan, Oyo State, Nigeria. B.A (Hons) 02\/1998 Islamic Studies University of\u00a0 Ibadan \u2013 Ibadan, Oyo State, Nigeria. M.A \u00a0 12\/2000 Islamic Studies University of\u00a0 Ibadan \u2013 Ibadan, Oyo State, Nigeria. PGDTE 07\/2003 PGD in Teacher Education University of\u00a0 Ilorin \u2013 Ilorin, Oyo State, Nigeria. Ph.D 07\/2006 Islamic Studies Personal Data I am a specialist and researcher of Islamic Studies with a passion in Islamic legal studies, Islamic Law (Shar\u012b\u2018ah) and Jurisprudence (Fiqh), with a bias on contemporary studies in Islamic legal theories and concepts of Maq\u0101\u1e63id Ash-Shar\u2018iyyah (aim and objectives of Shar\u012b\u2018ah). My work focuses on some legal theories and concepts in Maq\u0101\u1e63id Ash-Shar\u2018iyyah (aim and objectives of Shar\u012b\u2018ah) like Sadd Adh-Dhar\u0101\u2019\u012b (evil blockage legal mechanism), Ma\u1e63la\u1e25ah (legal public interest), Isti\u1e25s\u0101n (juristic preference), Isti\u1e63l\u0101\u1e25 (legal public welfare) and Istihsh\u0101b (legal presumption). My ultimate goal is to translate and contextualize these Islamic legal theories and concepts into effective Islamic legal tools that will provide and preserve the three basic needs of man in the contemporary society such as \u1e0car\u016br\u0101t (Basic needs), Hajiy\u0101t (Supplementary needs) and Tahs\u012bniyy\u0101t (Complimentary needs) in Islamic Law (Shar\u012b\u2018ah) so as to checkmate the criminal activities which can emanate from them if they are not well guided and controlled from Islamic legal system. Positions, Scientific Appointments, and Honours The Editor, Lagos Journal of Arabic and Islamic Studies (LAJAIS), Journal of NATAIS Lagos Chapter, 2023 &#8211; Present. The Business Editor, Journal of Religions and Contemporary Issues, a publication of the Department of Religious Studies, University of Lagos, 2022 &#8211; Present. National Treasurer, Nigeria Association of Teachers of Arabic and Islamic Studies (NATAIS) \u00a0\u00a0\u00a0\u00a0\u00a0\u00a0 Departmental Representative, Faculty of Arts Appointment and Promotion Committee (Non-Professorial), 2020 &#8211; Present. Chairman, Faculty of Arts ICT Committee, \u00a02019 \u2013 Present. Head of Unit, Islamic Studies, Department of Religious Studies, 2018 &#8211; Present. Selected Most Recent Publications\/ Contributions to Knowledge (five (5) maximum Adegoke, K.A &amp; Oloke, M. A. (2025). \u201cRethinking Shari\u2018ah Legal Concept of Sadd Adh-Dhara\u2019 as a Right-Based Approach to curb the Menace of Banditry in Nigeria\u201d. Lagos State Journal of Arabic and Islamic Studies. (LAJAIS), A publication of Journal of Nigeria Association of Teachers of Arabic and Islamic Studies (NATAIS), Lagos State Chapter, Vol. 1, No. 1, 28-40, ISSN: 2476-8145. Adegoke, K.A Ofuafo, P. U &amp; Salahudeen, M. A. (2024). \u201cCommon Themes in Biographical Sketch of Prophet Yusuf in Qur\u2019anic-Biblical Accounts\u201d In Fontain International of Arabic and Islamic Studies (FIJAIS). A publication of Journal of Nigeria Association of Teachers of Arabic and Islamic Studies (NATAIS), Ekiti State Chapter, Vol. 3, No. 1, 86-98, ISSN: 2006-2850. Busari, J. M &amp; Adegoke, K.A. (2023). \u201cNigerian Muslims and the Intrigues of the 1999 Constitution as Amended: An Examination of its Principles Within the Context of Islamic Law\u2019 in Journal of Islamic Studies and Humanities, Universitas Islam Negeri, Walinsongo Semarang, Indonesia, Vol. 8, No. 1, 52-76, ISSN 2527-8401. Adegoke, K.A. (2022). \u201cLegal Implications of Shari\u2019 Man Qablan\u0101 in the Islamic Rulings\u201d in International Journal of Fiqh and U\u1e63\u016bl Al-Fiqh (IJFUS), a Journal of Department of Fiqh and Usul Al-Fiqh, International Islamic University Malaysia (IIUM), Kuala Lumpur, Malaysia Vol. 4 (1), 108-117. eISSN 2600-8408. Ogunjewo, B. O &amp; Adegoke, A. (2022). \u201cUnited in Social Service: Christianity and Islam in the University of Lagos\u201d in Akinyele R. T &amp; Adeboye O. A (eds), University of Lagos: The 6th Decade, Nigeria: Unilag Press &amp; Bookshop Ltd, 273-301, ISBN 978-978-56596-7-2. \u00a0Collaborations\/Networks (International Inclusive)\u00a0 Bashir Abdul-Raheem, Department of Religious Studies, University of Lagos, Lagos, Nigeria. Henry B. Ogunjewo, Department of History and Strategic Studies, University of Lagos, Lagos, Nigeria. Irene I. Osemeka, Department of History and Strategic Studies, University of Lagos, Lagos, Nigeria. Murtada A. Salauddeen, Department of History and Religious Studies, Emmanuel Alayande University of Education, Oyo, Nigeria. Jamiu M. Busari, Department of Philosophy and Religious Studies, Osun State University, Ikire Campus, Nigeria.<\/p>\n","protected":false},"author":5,"featured_media":0,"parent":0,"menu_order":0,"comment_status":"closed","ping_status":"closed","template":"","meta":{"footnotes":""},"class_list":["post-1078","page","type-page","status-publish","hentry"],"_links":{"self":[{"href":"https:\/\/arts.unilag.edu.ng\/index.php\/wp-json\/wp\/v2\/pages\/1078","targetHints":{"allow":["GET"]}}],"collection":[{"href":"https:\/\/arts.unilag.edu.ng\/index.php\/wp-json\/wp\/v2\/pages"}],"about":[{"href":"https:\/\/arts.unilag.edu.ng\/index.php\/wp-json\/wp\/v2\/types\/page"}],"author":[{"embeddable":true,"href":"https:\/\/arts.unilag.edu.ng\/index.php\/wp-json\/wp\/v2\/users\/5"}],"replies":[{"embeddable":true,"href":"https:\/\/arts.unilag.edu.ng\/index.php\/wp-json\/wp\/v2\/comments?post=1078"}],"version-history":[{"count":7,"href":"https:\/\/arts.unilag.edu.ng\/index.php\/wp-json\/wp\/v2\/pages\/1078\/revisions"}],"predecessor-version":[{"id":1358,"href":"https:\/\/arts.unilag.edu.ng\/index.php\/wp-json\/wp\/v2\/pages\/1078\/revisions\/1358"}],"wp:attachment":[{"href":"https:\/\/arts.unilag.edu.ng\/index.php\/wp-json\/wp\/v2\/media?parent=1078"}],"curies":[{"name":"wp","href":"https:\/\/api.w.org\/{rel}","templated":true}]}}