{"id":1247,"date":"2025-05-29T14:03:28","date_gmt":"2025-05-29T14:03:28","guid":{"rendered":"https:\/\/arts.unilag.edu.ng\/?page_id=1247"},"modified":"2025-05-29T14:05:55","modified_gmt":"2025-05-29T14:05:55","slug":"dr-adewale-nuraeni-tiamiyu","status":"publish","type":"page","link":"https:\/\/arts.unilag.edu.ng\/index.php\/dr-adewale-nuraeni-tiamiyu\/","title":{"rendered":"DR. Adewale Nuraeni TIAMIYU"},"content":{"rendered":"\t\t<div data-elementor-type=\"wp-page\" data-elementor-id=\"1247\" class=\"elementor elementor-1247\" data-elementor-post-type=\"page\">\n\t\t\t\t<div class=\"elementor-element elementor-element-e819255 e-flex e-con-boxed wpr-particle-no wpr-jarallax-no wpr-parallax-no wpr-sticky-section-no e-con e-parent\" data-id=\"e819255\" data-element_type=\"container\">\n\t\t\t\t\t<div class=\"e-con-inner\">\n\t\t\t\t<div class=\"elementor-element elementor-element-fb7a3ea elementor-widget elementor-widget-image\" data-id=\"fb7a3ea\" data-element_type=\"widget\" data-widget_type=\"image.default\">\n\t\t\t\t<div class=\"elementor-widget-container\">\n\t\t\t\t\t\t\t\t\t\t\t\t\t\t\t<img decoding=\"async\" width=\"150\" height=\"150\" src=\"https:\/\/arts.unilag.edu.ng\/wp-content\/uploads\/2025\/05\/Adewale-Nuraeni-TIAMIYU-150x150.jpg\" class=\"attachment-thumbnail size-thumbnail wp-image-1242\" alt=\"\" \/>\t\t\t\t\t\t\t\t\t\t\t\t\t\t\t<\/div>\n\t\t\t\t<\/div>\n\t\t\t\t\t<\/div>\n\t\t\t\t<\/div>\n\t\t<div class=\"elementor-element elementor-element-c9986ef e-flex e-con-boxed wpr-particle-no wpr-jarallax-no wpr-parallax-no wpr-sticky-section-no e-con e-parent\" data-id=\"c9986ef\" data-element_type=\"container\">\n\t\t\t\t\t<div class=\"e-con-inner\">\n\t\t\t\t<div class=\"elementor-element elementor-element-0f5be6d elementor-widget elementor-widget-text-editor\" data-id=\"0f5be6d\" data-element_type=\"widget\" data-widget_type=\"text-editor.default\">\n\t\t\t\t<div class=\"elementor-widget-container\">\n\t\t\t\t\t\t\t\t\t<p><strong>TITLE: DR. <\/strong><\/p><p><strong>NAME: Adewale Nuraeni TIAMIYU <\/strong><\/p><p><strong>POSITION: LECTURER I <\/strong><\/p><p><strong>\u00a0<\/strong><\/p><p><strong>EDUCATION\/TRAINING <\/strong><\/p><table width=\"690\"><tbody><tr><td width=\"258\"><p><strong>INSTITUTION AND LOCATION<\/strong><\/p><\/td><td width=\"150\"><p><strong>DEGREE <\/strong><\/p><\/td><td width=\"114\"><p><strong>COMPLETION<\/strong><\/p><p><strong>Date<\/strong><\/p><\/td><td width=\"168\"><p><strong>FIELD OF STUDY<\/strong><\/p><\/td><\/tr><tr><td width=\"258\"><p>Obafemi Awolowo University, Ile-Ife, Nigeria<\/p><\/td><td width=\"150\"><p>B.A. French\/German Combined Hons.<\/p><\/td><td width=\"114\"><p>June\/2002<\/p><\/td><td width=\"168\"><p>Comparative Literature<\/p><\/td><\/tr><tr><td width=\"258\"><p>University of Lagos, Akoka, Nigeria<\/p><\/td><td width=\"150\"><p>M.A. French<\/p><\/td><td width=\"114\"><p>July\/2011<\/p><\/td><td width=\"168\"><p>Semantics, Pragmatics\u00a0\u00a0\u00a0 \u00a0&amp; Translation<\/p><\/td><\/tr><tr><td width=\"258\"><p>University of Lagos, Akoka, Nigeria<\/p><\/td><td width=\"150\"><p>Ph.D. in French<\/p><\/td><td width=\"114\"><p>January\/2020<\/p><\/td><td width=\"168\"><p>Comparative Literature<\/p><\/td><\/tr><tr><td width=\"258\"><p>Confucius Institute , Akoka Nigeria<\/p><\/td><td width=\"150\"><p>HSK 4 IN Chinese<\/p><\/td><td width=\"114\"><p>July\/2016<\/p><\/td><td width=\"168\"><p>Chinese Proficiency \u00a0<\/p><\/td><\/tr><\/tbody><\/table><p><strong>\u00a0<\/strong><\/p><p><strong>Personal Statement <\/strong><\/p><p>I am a polyglot researcher at the Department of European Languages and Integration Studies of the University of Lagos. I am basically a researcher in Comparative Literature, Translation, and Contrastive Linguistics (Semantics, Pragmatics &amp; Psycholinguisitcs). My work focuses on the followings: French Literature, German Literature, Nigerian French Literature, \u00a0(Romanticism &amp; Romantic Movement), Comparative Romanticism (Nigeria, England, France &amp; Germany), Comparative Criticism, Romantic Plays &amp; Romantic Films, Psychoanalysis and Psychocriticism, Literary Theories &amp; Literary Criticism, Translation Studies. \u00a0Languages of collaborative research are Yoruba, English, French, German and Chinese. My contribution to knowledge is the theorization of Romanticism, expansion of Freud\u2019s Psychoanalysis and Greimas\u2019 <em>Mod\u00e8le Actionciel<\/em>, explanation of how social change constantly occurs through newly established romantic concepts, principles and theories.<\/p><p><strong>Positions, Scientific Appointment, and Honours <\/strong><\/p><ul><li>NATOG &#8211; Nigerian Association of Teachers of German, Member<\/li><li>LSA- Lagos Studies Association, Member<\/li><li>NITI \u2013 Nigerian Institute of Translators and Interpreters, Member<\/li><li>UFTAN- University French Teachers Association of Nigeria, Member<\/li><li>WAITI \u2013 West African Institute of Translators and Interpreters, Member<\/li><li>Dhoch3- World German Lecturers on Online Plattform<\/li><\/ul><p>\u00a0<\/p><p><strong>Selected Most Recent Publications\/Contribution to Knowledge <\/strong><\/p><p>Oyewale, A. S. &amp; Tiamiyu, A.N. (2025). \u201cA Comparative Study of Romantic Love in Three Literary Texts\u201d in <em>Yoruba Studies Review<\/em>, Vol. 10, No. 1, Spring, Austin: University of Texas, Gainsville: University of Florida &amp; Ibadan: University of Ibadan.\u00a0 \u00a0<\/p><p>Tiamiyu, A.N. (2024). <em>Analyse du romantisme et des traits romantiques dans Hernani\u00a0 de V ictor Hugo et Faust de Wolfgang Goethe<\/em>, <a href=\"https:\/\/www.laboutiqueafricavivre.com\/livres-specilases\/224277-417517-analyse-du-romantique-et-des-traits-romantiques-9786203445800.html,10\/4\/2025\">https:\/\/www.laboutiqueafricavivre.com\/livres-specilases\/224277-417517-analyse-du-romantique-et-des-traits-romantiques-9786203445800.html,10\/4\/2025<\/a>.<\/p><p>Tiamiyu, A.N. (2021). \u201cAdult\u00e8re comme une p\u00e9riode romantique \u00e0 travers Madame Bovary de Flaubert\u201d in <em>Journal of Modern European Languages and Literatures<\/em> (JMEL), pp. 71.84.<\/p><p>Tiamiyu, A.N. (2020). \u00ab\u00a0Trois concepts romantiques dans un N\u00e9gre a viol\u00e9 une Blonde \u00e0 Dallas de Ramonu Sanusi\u00a0\u00bb in <em>Journal of Applied Linguistics and Integration Studies<\/em>, Lagos: Department of European Languages and Integration Studies &amp; R\u00e9publique du Benin: Universit\u00e9 d\u2019Abomey Calavi, Maiden Edition, No.1, pp. 233-258.<\/p><p>Tiamiyu, A.N. (2019). \u201cAnalyzing Action in Two Romantic Tragedies Using Greimas\u2019 Modele Actanciel\u201d in <em>Lagos Notes and Records<\/em>, Lagos: Faculty of Arts, University of Lagos, Vol. 25, pp. 223- 242.\u00a0<\/p><p><strong>\u00a0<\/strong><\/p><ol><li><strong>Collaborations\/Networks (International Inclusive)<\/strong><\/li><li>Luis Cataido, University of Texas, U.S.A<\/li><li>Olalere, Obafemi Awolowo University, Ile-Ife<\/li><li>Herr Lanre Okuseinde, Indiana University, Bloomington, USA<\/li><li>Segun Afolabi, University of Regina, Canada<\/li><li>Horeb , Mississipi University, USA<\/li><\/ol>\t\t\t\t\t\t\t\t<\/div>\n\t\t\t\t<\/div>\n\t\t\t\t\t<\/div>\n\t\t\t\t<\/div>\n\t\t\t\t<\/div>\n\t\t","protected":false},"excerpt":{"rendered":"<p>TITLE: DR. NAME: Adewale Nuraeni TIAMIYU POSITION: LECTURER I \u00a0 EDUCATION\/TRAINING INSTITUTION AND LOCATION DEGREE COMPLETION Date FIELD OF STUDY Obafemi Awolowo University, Ile-Ife, Nigeria B.A. French\/German Combined Hons. June\/2002 Comparative Literature University of Lagos, Akoka, Nigeria M.A. French July\/2011 Semantics, Pragmatics\u00a0\u00a0\u00a0 \u00a0&amp; Translation University of Lagos, Akoka, Nigeria Ph.D. in French January\/2020 Comparative Literature Confucius Institute , Akoka Nigeria HSK 4 IN Chinese July\/2016 Chinese Proficiency \u00a0 \u00a0 Personal Statement I am a polyglot researcher at the Department of European Languages and Integration Studies of the University of Lagos. I am basically a researcher in Comparative Literature, Translation, and Contrastive Linguistics (Semantics, Pragmatics &amp; Psycholinguisitcs). My work focuses on the followings: French Literature, German Literature, Nigerian French Literature, \u00a0(Romanticism &amp; Romantic Movement), Comparative Romanticism (Nigeria, England, France &amp; Germany), Comparative Criticism, Romantic Plays &amp; Romantic Films, Psychoanalysis and Psychocriticism, Literary Theories &amp; Literary Criticism, Translation Studies. \u00a0Languages of collaborative research are Yoruba, English, French, German and Chinese. My contribution to knowledge is the theorization of Romanticism, expansion of Freud\u2019s Psychoanalysis and Greimas\u2019 Mod\u00e8le Actionciel, explanation of how social change constantly occurs through newly established romantic concepts, principles and theories. Positions, Scientific Appointment, and Honours NATOG &#8211; Nigerian Association of Teachers of German, Member LSA- Lagos Studies Association, Member NITI \u2013 Nigerian Institute of Translators and Interpreters, Member UFTAN- University French Teachers Association of Nigeria, Member WAITI \u2013 West African Institute of Translators and Interpreters, Member Dhoch3- World German Lecturers on Online Plattform \u00a0 Selected Most Recent Publications\/Contribution to Knowledge Oyewale, A. S. &amp; Tiamiyu, A.N. (2025). \u201cA Comparative Study of Romantic Love in Three Literary Texts\u201d in Yoruba Studies Review, Vol. 10, No. 1, Spring, Austin: University of Texas, Gainsville: University of Florida &amp; Ibadan: University of Ibadan.\u00a0 \u00a0 Tiamiyu, A.N. (2024). Analyse du romantisme et des traits romantiques dans Hernani\u00a0 de V ictor Hugo et Faust de Wolfgang Goethe, https:\/\/www.laboutiqueafricavivre.com\/livres-specilases\/224277-417517-analyse-du-romantique-et-des-traits-romantiques-9786203445800.html,10\/4\/2025. Tiamiyu, A.N. (2021). \u201cAdult\u00e8re comme une p\u00e9riode romantique \u00e0 travers Madame Bovary de Flaubert\u201d in Journal of Modern European Languages and Literatures (JMEL), pp. 71.84. Tiamiyu, A.N. (2020). \u00ab\u00a0Trois concepts romantiques dans un N\u00e9gre a viol\u00e9 une Blonde \u00e0 Dallas de Ramonu Sanusi\u00a0\u00bb in Journal of Applied Linguistics and Integration Studies, Lagos: Department of European Languages and Integration Studies &amp; R\u00e9publique du Benin: Universit\u00e9 d\u2019Abomey Calavi, Maiden Edition, No.1, pp. 233-258. Tiamiyu, A.N. (2019). \u201cAnalyzing Action in Two Romantic Tragedies Using Greimas\u2019 Modele Actanciel\u201d in Lagos Notes and Records, Lagos: Faculty of Arts, University of Lagos, Vol. 25, pp. 223- 242.\u00a0 \u00a0 Collaborations\/Networks (International Inclusive) Luis Cataido, University of Texas, U.S.A Olalere, Obafemi Awolowo University, Ile-Ife Herr Lanre Okuseinde, Indiana University, Bloomington, USA Segun Afolabi, University of Regina, Canada Horeb , Mississipi University, USA<\/p>\n","protected":false},"author":8,"featured_media":0,"parent":0,"menu_order":0,"comment_status":"closed","ping_status":"closed","template":"","meta":{"footnotes":""},"class_list":["post-1247","page","type-page","status-publish","hentry"],"_links":{"self":[{"href":"https:\/\/arts.unilag.edu.ng\/index.php\/wp-json\/wp\/v2\/pages\/1247","targetHints":{"allow":["GET"]}}],"collection":[{"href":"https:\/\/arts.unilag.edu.ng\/index.php\/wp-json\/wp\/v2\/pages"}],"about":[{"href":"https:\/\/arts.unilag.edu.ng\/index.php\/wp-json\/wp\/v2\/types\/page"}],"author":[{"embeddable":true,"href":"https:\/\/arts.unilag.edu.ng\/index.php\/wp-json\/wp\/v2\/users\/8"}],"replies":[{"embeddable":true,"href":"https:\/\/arts.unilag.edu.ng\/index.php\/wp-json\/wp\/v2\/comments?post=1247"}],"version-history":[{"count":4,"href":"https:\/\/arts.unilag.edu.ng\/index.php\/wp-json\/wp\/v2\/pages\/1247\/revisions"}],"predecessor-version":[{"id":1251,"href":"https:\/\/arts.unilag.edu.ng\/index.php\/wp-json\/wp\/v2\/pages\/1247\/revisions\/1251"}],"wp:attachment":[{"href":"https:\/\/arts.unilag.edu.ng\/index.php\/wp-json\/wp\/v2\/media?parent=1247"}],"curies":[{"name":"wp","href":"https:\/\/api.w.org\/{rel}","templated":true}]}}